{"id":60,"date":"2023-05-18T11:38:33","date_gmt":"2023-05-18T10:38:33","guid":{"rendered":"https:\/\/amref.org\/west-africa\/?page_id=60"},"modified":"2023-05-18T12:08:29","modified_gmt":"2023-05-18T11:08:29","slug":"nos-programmes","status":"publish","type":"page","link":"https:\/\/amref.org\/west-africa\/nos-programmes\/","title":{"rendered":"Nos Programmes"},"content":{"rendered":"\t\t<div data-elementor-type=\"wp-page\" data-elementor-id=\"60\" class=\"elementor elementor-60\" data-elementor-post-type=\"page\">\n\t\t\t\t\t\t<section class=\"elementor-section elementor-top-section elementor-element elementor-element-257d12b5 elementor-section-boxed elementor-section-height-default elementor-section-height-default\" data-id=\"257d12b5\" data-element_type=\"section\" data-e-type=\"section\" data-settings=\"{&quot;background_background&quot;:&quot;classic&quot;}\">\n\t\t\t\t\t\t\t<div class=\"elementor-background-overlay\"><\/div>\n\t\t\t\t\t\t\t<div class=\"elementor-container elementor-column-gap-default\">\n\t\t\t\t\t<div class=\"elementor-column elementor-col-100 elementor-top-column elementor-element elementor-element-7223a0\" data-id=\"7223a0\" data-element_type=\"column\" data-e-type=\"column\">\n\t\t\t<div class=\"elementor-widget-wrap elementor-element-populated\">\n\t\t\t\t\t\t<div class=\"elementor-element elementor-element-41428069 elementor-widget elementor-widget-heading\" data-id=\"41428069\" data-element_type=\"widget\" data-e-type=\"widget\" data-widget_type=\"heading.default\">\n\t\t\t\t<div class=\"elementor-widget-container\">\n\t\t\t\t\t<h1 class=\"elementor-heading-title elementor-size-default\">Nos Programmes<\/h1>\t\t\t\t<\/div>\n\t\t\t\t<\/div>\n\t\t\t\t<div class=\"elementor-element elementor-element-7a02177e elementor-widget-divider--view-line elementor-widget elementor-widget-divider\" data-id=\"7a02177e\" data-element_type=\"widget\" data-e-type=\"widget\" data-widget_type=\"divider.default\">\n\t\t\t\t<div class=\"elementor-widget-container\">\n\t\t\t\t\t\t\t<div class=\"elementor-divider\">\n\t\t\t<span class=\"elementor-divider-separator\">\n\t\t\t\t\t\t<\/span>\n\t\t<\/div>\n\t\t\t\t\t\t<\/div>\n\t\t\t\t<\/div>\n\t\t\t\t\t<\/div>\n\t\t<\/div>\n\t\t\t\t\t<\/div>\n\t\t<\/section>\n\t\t\t\t<section class=\"elementor-section elementor-top-section elementor-element elementor-element-aea0366 elementor-section-boxed elementor-section-height-default elementor-section-height-default\" data-id=\"aea0366\" data-element_type=\"section\" data-e-type=\"section\">\n\t\t\t\t\t\t<div class=\"elementor-container elementor-column-gap-no\">\n\t\t\t\t\t<div class=\"elementor-column elementor-col-100 elementor-top-column elementor-element elementor-element-a16b1a0\" data-id=\"a16b1a0\" data-element_type=\"column\" data-e-type=\"column\">\n\t\t\t<div class=\"elementor-widget-wrap elementor-element-populated\">\n\t\t\t\t\t\t<div class=\"elementor-element elementor-element-f8fe2f0 elementor-vertical-align-top elementor-widget elementor-widget-image-box\" data-id=\"f8fe2f0\" data-element_type=\"widget\" data-e-type=\"widget\" data-widget_type=\"image-box.default\">\n\t\t\t\t<div class=\"elementor-widget-container\">\n\t\t\t\t\t<div class=\"elementor-image-box-wrapper\"><div class=\"elementor-image-box-content\"><h2 class=\"elementor-image-box-title\"><a href=\"https:\/\/amref.org\/west-africa\/nos-programmes\/rmncah\/\">Sant\u00e9 reproductive, maternelle, n\u00e9onatale, infantile et adolescente (RMNCAH) <\/a><\/h2><p class=\"elementor-image-box-description\">Amref West Africa s\u2019est tr\u00e8s t\u00f4t focalis\u00e9e sur l'am\u00e9lioration de la sant\u00e9 des femmes et des enfants et des communaut\u00e9s, tout en s\u2019assurant de la participation effective des hommes afin de maximiser nos impacts et de contribuer \u00e0 la r\u00e9duction de la morbidit\u00e9 et de la mortalit\u00e9 \u00e9vitables des m\u00e8res, des nouveau-n\u00e9s, des enfants et des adolescents en Afrique de l\u2019Ouest.<\/p><\/div><\/div>\t\t\t\t<\/div>\n\t\t\t\t<\/div>\n\t\t\t\t<div class=\"elementor-element elementor-element-e40b540 elementor-widget elementor-widget-button\" data-id=\"e40b540\" data-element_type=\"widget\" data-e-type=\"widget\" data-widget_type=\"button.default\">\n\t\t\t\t<div class=\"elementor-widget-container\">\n\t\t\t\t\t\t\t\t\t<div class=\"elementor-button-wrapper\">\n\t\t\t\t\t<a class=\"elementor-button elementor-button-link elementor-size-sm\" href=\"https:\/\/amref.org\/west-africa\/nos-programmes\/rmncah\/\">\n\t\t\t\t\t\t<span class=\"elementor-button-content-wrapper\">\n\t\t\t\t\t\t<span class=\"elementor-button-icon\">\n\t\t\t\t<i aria-hidden=\"true\" class=\"fas fa-chevron-circle-right\"><\/i>\t\t\t<\/span>\n\t\t\t\t\t\t\t\t\t<span class=\"elementor-button-text\">En savoir plus<\/span>\n\t\t\t\t\t<\/span>\n\t\t\t\t\t<\/a>\n\t\t\t\t<\/div>\n\t\t\t\t\t\t\t\t<\/div>\n\t\t\t\t<\/div>\n\t\t\t\t<div class=\"elementor-element elementor-element-b88559c elementor-widget-divider--view-line elementor-widget elementor-widget-divider\" data-id=\"b88559c\" data-element_type=\"widget\" data-e-type=\"widget\" data-widget_type=\"divider.default\">\n\t\t\t\t<div class=\"elementor-widget-container\">\n\t\t\t\t\t\t\t<div class=\"elementor-divider\">\n\t\t\t<span class=\"elementor-divider-separator\">\n\t\t\t\t\t\t<\/span>\n\t\t<\/div>\n\t\t\t\t\t\t<\/div>\n\t\t\t\t<\/div>\n\t\t\t\t\t<\/div>\n\t\t<\/div>\n\t\t\t\t\t<\/div>\n\t\t<\/section>\n\t\t\t\t<section class=\"elementor-section elementor-top-section elementor-element elementor-element-c583188 elementor-section-boxed elementor-section-height-default elementor-section-height-default\" data-id=\"c583188\" data-element_type=\"section\" data-e-type=\"section\">\n\t\t\t\t\t\t<div class=\"elementor-container elementor-column-gap-no\">\n\t\t\t\t\t<div class=\"elementor-column elementor-col-100 elementor-top-column elementor-element elementor-element-fb124c0\" data-id=\"fb124c0\" data-element_type=\"column\" data-e-type=\"column\">\n\t\t\t<div class=\"elementor-widget-wrap elementor-element-populated\">\n\t\t\t\t\t\t<div class=\"elementor-element elementor-element-97d6d55 elementor-vertical-align-top elementor-widget elementor-widget-image-box\" data-id=\"97d6d55\" data-element_type=\"widget\" data-e-type=\"widget\" data-widget_type=\"image-box.default\">\n\t\t\t\t<div class=\"elementor-widget-container\">\n\t\t\t\t\t<div class=\"elementor-image-box-wrapper\"><div class=\"elementor-image-box-content\"><h2 class=\"elementor-image-box-title\"><a href=\"https:\/\/amref.org\/west-africa\/nos-programmes\/dcp-et-interventions-durgence\/\">Le programme de contr\u00f4le et de pr\u00e9vention des maladies (DCP) et interventions d\u2019urgence <\/a><\/h2><p class=\"elementor-image-box-description\">Le programme de contr\u00f4le et de pr\u00e9vention des maladies est l'un des plus importants programmes les plus importants qui a \u00e9t\u00e9 d\u00e9velopp\u00e9 et mis en \u0153uvre par Amref en Afrique de l\u2019Ouest. Il vise \u00e0 assurer la qualit\u00e9 de la mise en \u0153uvre des interventions communautaires et des interventions dans les \u00e9tablissements pour le contr\u00f4le et la pr\u00e9vention des maladies primaires et secondaires, et il vise \u00e0 minimiser le fardeau des maladies et des facteurs de risque qui y sont associ\u00e9s. <\/p><\/div><\/div>\t\t\t\t<\/div>\n\t\t\t\t<\/div>\n\t\t\t\t<div class=\"elementor-element elementor-element-0150d2f elementor-widget elementor-widget-button\" data-id=\"0150d2f\" data-element_type=\"widget\" data-e-type=\"widget\" data-widget_type=\"button.default\">\n\t\t\t\t<div class=\"elementor-widget-container\">\n\t\t\t\t\t\t\t\t\t<div class=\"elementor-button-wrapper\">\n\t\t\t\t\t<a class=\"elementor-button elementor-button-link elementor-size-sm\" href=\"https:\/\/amref.org\/west-africa\/nos-programmes\/dcp-et-interventions-durgence\/\">\n\t\t\t\t\t\t<span class=\"elementor-button-content-wrapper\">\n\t\t\t\t\t\t<span class=\"elementor-button-icon\">\n\t\t\t\t<i aria-hidden=\"true\" class=\"fas fa-chevron-circle-right\"><\/i>\t\t\t<\/span>\n\t\t\t\t\t\t\t\t\t<span class=\"elementor-button-text\">En savoir plus<\/span>\n\t\t\t\t\t<\/span>\n\t\t\t\t\t<\/a>\n\t\t\t\t<\/div>\n\t\t\t\t\t\t\t\t<\/div>\n\t\t\t\t<\/div>\n\t\t\t\t<div class=\"elementor-element elementor-element-eac8e90 elementor-widget-divider--view-line elementor-widget elementor-widget-divider\" data-id=\"eac8e90\" data-element_type=\"widget\" data-e-type=\"widget\" data-widget_type=\"divider.default\">\n\t\t\t\t<div class=\"elementor-widget-container\">\n\t\t\t\t\t\t\t<div class=\"elementor-divider\">\n\t\t\t<span class=\"elementor-divider-separator\">\n\t\t\t\t\t\t<\/span>\n\t\t<\/div>\n\t\t\t\t\t\t<\/div>\n\t\t\t\t<\/div>\n\t\t\t\t\t<\/div>\n\t\t<\/div>\n\t\t\t\t\t<\/div>\n\t\t<\/section>\n\t\t\t\t<section class=\"elementor-section elementor-top-section elementor-element elementor-element-cbd2d70 elementor-section-boxed elementor-section-height-default elementor-section-height-default\" data-id=\"cbd2d70\" data-element_type=\"section\" data-e-type=\"section\">\n\t\t\t\t\t\t<div class=\"elementor-container elementor-column-gap-no\">\n\t\t\t\t\t<div class=\"elementor-column elementor-col-100 elementor-top-column elementor-element elementor-element-4cef224\" data-id=\"4cef224\" data-element_type=\"column\" data-e-type=\"column\">\n\t\t\t<div class=\"elementor-widget-wrap elementor-element-populated\">\n\t\t\t\t\t\t<div class=\"elementor-element elementor-element-1d1a393 elementor-vertical-align-top elementor-widget elementor-widget-image-box\" data-id=\"1d1a393\" data-element_type=\"widget\" data-e-type=\"widget\" data-widget_type=\"image-box.default\">\n\t\t\t\t<div class=\"elementor-widget-container\">\n\t\t\t\t\t<div class=\"elementor-image-box-wrapper\"><div class=\"elementor-image-box-content\"><h2 class=\"elementor-image-box-title\"><a href=\"https:\/\/amref.org\/west-africa\/nos-programmes\/prevention-des-violences-basees-sur-le-genre-et-lautonomisation-des-femmes\/\">Pr\u00e9vention des violences bas\u00e9es sur le genre et l\u2019autonomisation des femmes <\/a><\/h2><p class=\"elementor-image-box-description\">Les programmes de Amref West Africa au S\u00e9n\u00e9gal et en Guin\u00e9e se concentrent les initiatives cibl\u00e9es de lutte contre les violences faites aux femmes et aux filles, sur l'autonomisation des femmes, des jeunes et des adolescents avec une repr\u00e9sentativit\u00e9 \u00e9quitable entre hommes\/femmes. Dans l'approche d'Amref, la sant\u00e9 est \u00e9galement utilis\u00e9e comme un moyen de maintenir les filles \u00e0 l'\u00e9cole et donc de garantir une meilleure \u00e9ducation et un meilleur acc\u00e8s aux revenus.<\/p><\/div><\/div>\t\t\t\t<\/div>\n\t\t\t\t<\/div>\n\t\t\t\t<div class=\"elementor-element elementor-element-6f71cb7 elementor-widget elementor-widget-button\" data-id=\"6f71cb7\" data-element_type=\"widget\" data-e-type=\"widget\" data-widget_type=\"button.default\">\n\t\t\t\t<div class=\"elementor-widget-container\">\n\t\t\t\t\t\t\t\t\t<div class=\"elementor-button-wrapper\">\n\t\t\t\t\t<a class=\"elementor-button elementor-button-link elementor-size-sm\" href=\"https:\/\/amref.org\/west-africa\/nos-programmes\/prevention-des-violences-basees-sur-le-genre-et-lautonomisation-des-femmes\/\">\n\t\t\t\t\t\t<span class=\"elementor-button-content-wrapper\">\n\t\t\t\t\t\t<span class=\"elementor-button-icon\">\n\t\t\t\t<i aria-hidden=\"true\" class=\"fas fa-chevron-circle-right\"><\/i>\t\t\t<\/span>\n\t\t\t\t\t\t\t\t\t<span class=\"elementor-button-text\">En savoir plus<\/span>\n\t\t\t\t\t<\/span>\n\t\t\t\t\t<\/a>\n\t\t\t\t<\/div>\n\t\t\t\t\t\t\t\t<\/div>\n\t\t\t\t<\/div>\n\t\t\t\t<div class=\"elementor-element elementor-element-9035678 elementor-widget-divider--view-line elementor-widget elementor-widget-divider\" data-id=\"9035678\" data-element_type=\"widget\" data-e-type=\"widget\" data-widget_type=\"divider.default\">\n\t\t\t\t<div class=\"elementor-widget-container\">\n\t\t\t\t\t\t\t<div class=\"elementor-divider\">\n\t\t\t<span class=\"elementor-divider-separator\">\n\t\t\t\t\t\t<\/span>\n\t\t<\/div>\n\t\t\t\t\t\t<\/div>\n\t\t\t\t<\/div>\n\t\t\t\t\t<\/div>\n\t\t<\/div>\n\t\t\t\t\t<\/div>\n\t\t<\/section>\n\t\t\t\t<section class=\"elementor-section elementor-top-section elementor-element elementor-element-b823255 elementor-section-boxed elementor-section-height-default elementor-section-height-default\" data-id=\"b823255\" data-element_type=\"section\" data-e-type=\"section\">\n\t\t\t\t\t\t<div class=\"elementor-container elementor-column-gap-no\">\n\t\t\t\t\t<div class=\"elementor-column elementor-col-100 elementor-top-column elementor-element elementor-element-db7adfc\" data-id=\"db7adfc\" data-element_type=\"column\" data-e-type=\"column\">\n\t\t\t<div class=\"elementor-widget-wrap elementor-element-populated\">\n\t\t\t\t\t\t<div class=\"elementor-element elementor-element-aaf9ff9 elementor-vertical-align-top elementor-widget elementor-widget-image-box\" data-id=\"aaf9ff9\" data-element_type=\"widget\" data-e-type=\"widget\" data-widget_type=\"image-box.default\">\n\t\t\t\t<div class=\"elementor-widget-container\">\n\t\t\t\t\t<div class=\"elementor-image-box-wrapper\"><div class=\"elementor-image-box-content\"><h2 class=\"elementor-image-box-title\"><a href=\"https:\/\/amref.org\/west-africa\/nos-programmes\/le-leadership-des-jeunes-et-la-participation\/\">Le leadership des jeunes et la participation significative des jeunes dans les instances de prises de d\u00e9cision  <\/a><\/h2><p class=\"elementor-image-box-description\">Le r\u00f4le des jeunes est strat\u00e9gique dans les programmes d\u2019Amref West Africa puisqu\u2019en Afrique de l\u2019Ouest 64% de la population est \u00e2g\u00e9 de moins de 25 ans (Source : UNFPA, Rapport sur les adolescents et les jeunes : Afrique de l\u2019Ouest et du Centre, 2018). C\u2019est ainsi que l'organisation a mis en place des mod\u00e8les d\u2019intervention qui pr\u00e9voient de structurer les acteurs et organisations de la soci\u00e9t\u00e9 civile de jeunes engag\u00e9es dans la gestion de leurs collectivit\u00e9s\/communaut\u00e9s et la prise de d\u00e9cision sur les questions leur concernant notamment dans le domaine de la sant\u00e9 des adolescents, l\u2019\u00e9limination des pratiques n\u00e9fastes.<\/p><\/div><\/div>\t\t\t\t<\/div>\n\t\t\t\t<\/div>\n\t\t\t\t<div class=\"elementor-element elementor-element-842309e elementor-widget elementor-widget-button\" data-id=\"842309e\" data-element_type=\"widget\" data-e-type=\"widget\" data-widget_type=\"button.default\">\n\t\t\t\t<div class=\"elementor-widget-container\">\n\t\t\t\t\t\t\t\t\t<div class=\"elementor-button-wrapper\">\n\t\t\t\t\t<a class=\"elementor-button elementor-button-link elementor-size-sm\" href=\"https:\/\/amref.org\/west-africa\/nos-programmes\/le-leadership-des-jeunes-et-la-participation\/\">\n\t\t\t\t\t\t<span class=\"elementor-button-content-wrapper\">\n\t\t\t\t\t\t<span class=\"elementor-button-icon\">\n\t\t\t\t<i aria-hidden=\"true\" class=\"fas fa-chevron-circle-right\"><\/i>\t\t\t<\/span>\n\t\t\t\t\t\t\t\t\t<span class=\"elementor-button-text\">En savoir plus<\/span>\n\t\t\t\t\t<\/span>\n\t\t\t\t\t<\/a>\n\t\t\t\t<\/div>\n\t\t\t\t\t\t\t\t<\/div>\n\t\t\t\t<\/div>\n\t\t\t\t<div class=\"elementor-element elementor-element-19bf34d elementor-widget-divider--view-line elementor-widget elementor-widget-divider\" data-id=\"19bf34d\" data-element_type=\"widget\" data-e-type=\"widget\" data-widget_type=\"divider.default\">\n\t\t\t\t<div class=\"elementor-widget-container\">\n\t\t\t\t\t\t\t<div class=\"elementor-divider\">\n\t\t\t<span class=\"elementor-divider-separator\">\n\t\t\t\t\t\t<\/span>\n\t\t<\/div>\n\t\t\t\t\t\t<\/div>\n\t\t\t\t<\/div>\n\t\t\t\t\t<\/div>\n\t\t<\/div>\n\t\t\t\t\t<\/div>\n\t\t<\/section>\n\t\t\t\t<section class=\"elementor-section elementor-top-section elementor-element elementor-element-7ade038 elementor-section-boxed elementor-section-height-default elementor-section-height-default\" data-id=\"7ade038\" data-element_type=\"section\" data-e-type=\"section\">\n\t\t\t\t\t\t<div class=\"elementor-container elementor-column-gap-no\">\n\t\t\t\t\t<div class=\"elementor-column elementor-col-100 elementor-top-column elementor-element elementor-element-98d7d11\" data-id=\"98d7d11\" data-element_type=\"column\" data-e-type=\"column\">\n\t\t\t<div class=\"elementor-widget-wrap elementor-element-populated\">\n\t\t\t\t\t\t<div class=\"elementor-element elementor-element-61ab4d0 elementor-vertical-align-top elementor-widget elementor-widget-image-box\" data-id=\"61ab4d0\" data-element_type=\"widget\" data-e-type=\"widget\" data-widget_type=\"image-box.default\">\n\t\t\t\t<div class=\"elementor-widget-container\">\n\t\t\t\t\t<div class=\"elementor-image-box-wrapper\"><div class=\"elementor-image-box-content\"><h2 class=\"elementor-image-box-title\"><a href=\"https:\/\/amref.org\/west-africa\/nos-programmes\/le-renforcement-des-ressources-humaines-en-sante\/\">Le renforcement des ressources humaines en sant\u00e9 <\/a><\/h2><p class=\"elementor-image-box-description\">Le plan de renforcement des capacit\u00e9s conduit par Amref \u00e0 l\u2019\u00e9chelle du continent africain (notamment \u00e0 travers sa campagne Stand Up For African Mothers, qui a permis, entre 2011 et 2018 en formant pr\u00e8s de 12 000 personnels de sant\u00e9 africains), s\u2019appuie sur son exp\u00e9rience en sant\u00e9 num\u00e9rique acquise depuis plusieurs ann\u00e9es dans le continent africain. Depuis 2013, Amref West Africa a initi\u00e9 une r\u00e9plique contextualis\u00e9e et ajust\u00e9e de cette exp\u00e9rience en sant\u00e9 num\u00e9rique acquise pendant plusieurs ann\u00e9es pour l\u2019Afrique de l\u2019Ouest (S\u00e9n\u00e9gal, C\u00f4te d\u2019Ivoire) par la mise en \u0153uvre du Programme de Renforcement des Capacit\u00e9s des Infirmiers.\u00e8res et Sages-femmes (PRECIS) avec le soutien de l\u2019Organisation Ouest Africaine pour la Sant\u00e9 (OOAS). <\/p><\/div><\/div>\t\t\t\t<\/div>\n\t\t\t\t<\/div>\n\t\t\t\t<div class=\"elementor-element elementor-element-f20d45e elementor-widget elementor-widget-button\" data-id=\"f20d45e\" data-element_type=\"widget\" data-e-type=\"widget\" data-widget_type=\"button.default\">\n\t\t\t\t<div class=\"elementor-widget-container\">\n\t\t\t\t\t\t\t\t\t<div class=\"elementor-button-wrapper\">\n\t\t\t\t\t<a class=\"elementor-button elementor-button-link elementor-size-sm\" href=\"https:\/\/amref.org\/west-africa\/nos-programmes\/le-renforcement-des-ressources-humaines-en-sante\/\">\n\t\t\t\t\t\t<span class=\"elementor-button-content-wrapper\">\n\t\t\t\t\t\t<span class=\"elementor-button-icon\">\n\t\t\t\t<i aria-hidden=\"true\" class=\"fas fa-chevron-circle-right\"><\/i>\t\t\t<\/span>\n\t\t\t\t\t\t\t\t\t<span class=\"elementor-button-text\">En savoir plus<\/span>\n\t\t\t\t\t<\/span>\n\t\t\t\t\t<\/a>\n\t\t\t\t<\/div>\n\t\t\t\t\t\t\t\t<\/div>\n\t\t\t\t<\/div>\n\t\t\t\t<div class=\"elementor-element elementor-element-85257ef elementor-widget-divider--view-line elementor-widget elementor-widget-divider\" data-id=\"85257ef\" data-element_type=\"widget\" data-e-type=\"widget\" data-widget_type=\"divider.default\">\n\t\t\t\t<div class=\"elementor-widget-container\">\n\t\t\t\t\t\t\t<div class=\"elementor-divider\">\n\t\t\t<span class=\"elementor-divider-separator\">\n\t\t\t\t\t\t<\/span>\n\t\t<\/div>\n\t\t\t\t\t\t<\/div>\n\t\t\t\t<\/div>\n\t\t\t\t\t<\/div>\n\t\t<\/div>\n\t\t\t\t\t<\/div>\n\t\t<\/section>\n\t\t\t\t<\/div>\n\t\t","protected":false},"excerpt":{"rendered":"<p>Nos Programmes Sant\u00e9 reproductive, maternelle, n\u00e9onatale, infantile et adolescente (RMNCAH) Amref West Africa s\u2019est tr\u00e8s t\u00f4t focalis\u00e9e sur l&#8217;am\u00e9lioration de la sant\u00e9 des femmes et des enfants et des communaut\u00e9s, [&hellip;]<\/p>\n","protected":false},"author":1,"featured_media":0,"parent":0,"menu_order":0,"comment_status":"closed","ping_status":"closed","template":"elementor_header_footer","meta":{"_monsterinsights_skip_tracking":false,"_monsterinsights_sitenote_active":false,"_monsterinsights_sitenote_note":"","_monsterinsights_sitenote_category":0,"footnotes":""},"yst_prominent_words":[],"class_list":["post-60","page","type-page","status-publish","hentry"],"yoast_head":"<!-- This site is optimized with the Yoast SEO Premium plugin v14.6.1 - https:\/\/yoast.com\/wordpress\/plugins\/seo\/ -->\n<title>Nos Programmes - Amref Health Africa bureau r\u00e9gional pour l\u2019Afrique de l\u2019Ouest<\/title>\n<meta name=\"robots\" content=\"index, follow\" \/>\n<meta name=\"googlebot\" content=\"index, follow, max-snippet:-1, max-image-preview:large, max-video-preview:-1\" \/>\n<meta name=\"bingbot\" content=\"index, follow, max-snippet:-1, max-image-preview:large, max-video-preview:-1\" \/>\n<link rel=\"canonical\" href=\"https:\/\/amref.org\/west-africa\/nos-programmes\/\" \/>\n<meta property=\"og:locale\" content=\"en_GB\" \/>\n<meta property=\"og:type\" content=\"article\" \/>\n<meta property=\"og:title\" content=\"Nos Programmes - Amref Health Africa bureau r\u00e9gional pour l\u2019Afrique de l\u2019Ouest\" \/>\n<meta property=\"og:description\" content=\"Nos Programmes Sant\u00e9 reproductive, maternelle, n\u00e9onatale, infantile et adolescente (RMNCAH) Amref West Africa s\u2019est tr\u00e8s t\u00f4t focalis\u00e9e sur l&#8217;am\u00e9lioration de la sant\u00e9 des femmes et des enfants et des communaut\u00e9s, [&hellip;]\" \/>\n<meta property=\"og:url\" content=\"https:\/\/amref.org\/west-africa\/nos-programmes\/\" \/>\n<meta property=\"og:site_name\" content=\"Amref Health Africa bureau r\u00e9gional pour l\u2019Afrique de l\u2019Ouest\" \/>\n<meta property=\"article:author\" content=\"https:\/\/www.facebook.com\/AmrefHealthAfrica\" \/>\n<meta property=\"article:modified_time\" content=\"2023-05-18T11:08:29+00:00\" \/>\n<meta name=\"twitter:card\" content=\"summary_large_image\" \/>\n<script type=\"application\/ld+json\" class=\"yoast-schema-graph\">{\"@context\":\"https:\/\/schema.org\",\"@graph\":[{\"@type\":\"WebSite\",\"@id\":\"https:\/\/amref.org\/west-africa\/#website\",\"url\":\"https:\/\/amref.org\/west-africa\/\",\"name\":\"Amref Health Africa bureau r\\u00e9gional pour l\\u2019Afrique de l\\u2019Ouest\",\"description\":\"\",\"potentialAction\":[{\"@type\":\"SearchAction\",\"target\":\"https:\/\/amref.org\/west-africa\/?s={search_term_string}\",\"query-input\":\"required name=search_term_string\"}],\"inLanguage\":\"en-GB\"},{\"@type\":\"WebPage\",\"@id\":\"https:\/\/amref.org\/west-africa\/nos-programmes\/#webpage\",\"url\":\"https:\/\/amref.org\/west-africa\/nos-programmes\/\",\"name\":\"Nos Programmes - Amref Health Africa bureau r\\u00e9gional pour l\\u2019Afrique de l\\u2019Ouest\",\"isPartOf\":{\"@id\":\"https:\/\/amref.org\/west-africa\/#website\"},\"datePublished\":\"2023-05-18T10:38:33+00:00\",\"dateModified\":\"2023-05-18T11:08:29+00:00\",\"inLanguage\":\"en-GB\",\"potentialAction\":[{\"@type\":\"ReadAction\",\"target\":[\"https:\/\/amref.org\/west-africa\/nos-programmes\/\"]}]}]}<\/script>\n<!-- \/ Yoast SEO Premium plugin. -->","_links":{"self":[{"href":"https:\/\/amref.org\/west-africa\/wp-json\/wp\/v2\/pages\/60","targetHints":{"allow":["GET"]}}],"collection":[{"href":"https:\/\/amref.org\/west-africa\/wp-json\/wp\/v2\/pages"}],"about":[{"href":"https:\/\/amref.org\/west-africa\/wp-json\/wp\/v2\/types\/page"}],"author":[{"embeddable":true,"href":"https:\/\/amref.org\/west-africa\/wp-json\/wp\/v2\/users\/1"}],"replies":[{"embeddable":true,"href":"https:\/\/amref.org\/west-africa\/wp-json\/wp\/v2\/comments?post=60"}],"version-history":[{"count":16,"href":"https:\/\/amref.org\/west-africa\/wp-json\/wp\/v2\/pages\/60\/revisions"}],"predecessor-version":[{"id":107,"href":"https:\/\/amref.org\/west-africa\/wp-json\/wp\/v2\/pages\/60\/revisions\/107"}],"wp:attachment":[{"href":"https:\/\/amref.org\/west-africa\/wp-json\/wp\/v2\/media?parent=60"}],"wp:term":[{"taxonomy":"yst_prominent_words","embeddable":true,"href":"https:\/\/amref.org\/west-africa\/wp-json\/wp\/v2\/yst_prominent_words?post=60"}],"curies":[{"name":"wp","href":"https:\/\/api.w.org\/{rel}","templated":true}]}}