{"id":70,"date":"2023-05-18T11:51:51","date_gmt":"2023-05-18T10:51:51","guid":{"rendered":"https:\/\/amref.org\/west-africa\/?page_id=70"},"modified":"2023-05-18T11:53:54","modified_gmt":"2023-05-18T10:53:54","slug":"rmncah","status":"publish","type":"page","link":"https:\/\/amref.org\/west-africa\/nos-programmes\/rmncah\/","title":{"rendered":"Sant\u00e9 reproductive, maternelle, n\u00e9onatale, infantile et adolescente (RMNCAH)"},"content":{"rendered":"\t\t<div data-elementor-type=\"wp-page\" data-elementor-id=\"70\" class=\"elementor elementor-70\" data-elementor-post-type=\"page\">\n\t\t\t\t\t\t<section class=\"elementor-section elementor-top-section elementor-element elementor-element-257d12b5 elementor-section-boxed elementor-section-height-default elementor-section-height-default\" data-id=\"257d12b5\" data-element_type=\"section\" data-e-type=\"section\" data-settings=\"{&quot;background_background&quot;:&quot;classic&quot;}\">\n\t\t\t\t\t\t\t<div class=\"elementor-background-overlay\"><\/div>\n\t\t\t\t\t\t\t<div class=\"elementor-container elementor-column-gap-default\">\n\t\t\t\t\t<div class=\"elementor-column elementor-col-100 elementor-top-column elementor-element elementor-element-7223a0\" data-id=\"7223a0\" data-element_type=\"column\" data-e-type=\"column\">\n\t\t\t<div class=\"elementor-widget-wrap elementor-element-populated\">\n\t\t\t\t\t\t<div class=\"elementor-element elementor-element-41428069 elementor-widget elementor-widget-heading\" data-id=\"41428069\" data-element_type=\"widget\" data-e-type=\"widget\" data-widget_type=\"heading.default\">\n\t\t\t\t<div class=\"elementor-widget-container\">\n\t\t\t\t\t<h1 class=\"elementor-heading-title elementor-size-default\">Sant\u00e9 reproductive, maternelle, n\u00e9onatale, infantile et adolescente (RMNCAH)<\/h1>\t\t\t\t<\/div>\n\t\t\t\t<\/div>\n\t\t\t\t<div class=\"elementor-element elementor-element-7a02177e elementor-widget-divider--view-line elementor-widget elementor-widget-divider\" data-id=\"7a02177e\" data-element_type=\"widget\" data-e-type=\"widget\" data-widget_type=\"divider.default\">\n\t\t\t\t<div class=\"elementor-widget-container\">\n\t\t\t\t\t\t\t<div class=\"elementor-divider\">\n\t\t\t<span class=\"elementor-divider-separator\">\n\t\t\t\t\t\t<\/span>\n\t\t<\/div>\n\t\t\t\t\t\t<\/div>\n\t\t\t\t<\/div>\n\t\t\t\t\t<\/div>\n\t\t<\/div>\n\t\t\t\t\t<\/div>\n\t\t<\/section>\n\t\t\t\t<section class=\"elementor-section elementor-top-section elementor-element elementor-element-2926cc2 elementor-section-boxed elementor-section-height-default elementor-section-height-default\" data-id=\"2926cc2\" data-element_type=\"section\" data-e-type=\"section\">\n\t\t\t\t\t\t<div class=\"elementor-container elementor-column-gap-default\">\n\t\t\t\t\t<div class=\"elementor-column elementor-col-100 elementor-top-column elementor-element elementor-element-0129d15\" data-id=\"0129d15\" data-element_type=\"column\" data-e-type=\"column\">\n\t\t\t<div class=\"elementor-widget-wrap elementor-element-populated\">\n\t\t\t\t\t\t<div class=\"elementor-element elementor-element-2b386fc elementor-widget elementor-widget-text-editor\" data-id=\"2b386fc\" data-element_type=\"widget\" data-e-type=\"widget\" data-widget_type=\"text-editor.default\">\n\t\t\t\t<div class=\"elementor-widget-container\">\n\t\t\t\t\t\t\t\t\t<p>Amref West Africa s\u2019est tr\u00e8s t\u00f4t focalis\u00e9e sur l&#8217;am\u00e9lioration de la sant\u00e9 des femmes et des enfants et des communaut\u00e9s, tout en s\u2019assurant de la participation effective des hommes afin de maximiser nos impacts et de contribuer \u00e0 la r\u00e9duction de la morbidit\u00e9 et de la mortalit\u00e9 \u00e9vitables des m\u00e8res, des nouveau-n\u00e9s, des enfants et des adolescents en Afrique de l\u2019Ouest. Les principaux domaines d&#8217;intervention du portefeuille RMNCAH sont la sant\u00e9 maternelle, n\u00e9onatale et infantile (SMNI) et la sant\u00e9 reproductive des jeunes et des adolescents (SRHR) y compris des FAR. Les projets cherchent \u00e0 am\u00e9liorer l&#8217;acc\u00e8s aux services de sant\u00e9 reproductive (SR), y compris les soins pr\u00e9nataux, l&#8217;accouchement et les soins postnataux, ainsi que les services adapt\u00e9s aux jeunes pour traiter ou pr\u00e9venir les grossesses pr\u00e9coces ou non d\u00e9siri\u00e9es chez les jeunes, y compris la r\u00e9alisation de leurs droits en mati\u00e8re de sant\u00e9 reproductive. Nos projets RMNCAH en Afrique de l\u2019Ouest s\u2019alignent aux strat\u00e9gies et politiques nationales en mati\u00e8re de sant\u00e9. Ils renforcent le syst\u00e8me de sant\u00e9 afin de fournir des services innovants et de qualit\u00e9, notamment en renfor\u00e7ant les capacit\u00e9s du personnel de sant\u00e9 des \u00e9tablissements et des communaut\u00e9s \u00e0 fournir de meilleurs services. \u00a0Amref West Africa contribue ainsi de mani\u00e8re significative \u00e0 travers ses projets \u00e0 am\u00e9liorer la qualit\u00e9 des infrastructures sanitaires Amref, par le biais de diff\u00e9rents projets, am\u00e9liore la qualit\u00e9 des installations sanitaires et rel\u00e8ve le plateau technique en r\u00e9novant et \u00e9quipant les structures de sant\u00e9 en \u00e9quipements m\u00e9dicaux<\/p>\t\t\t\t\t\t\t\t<\/div>\n\t\t\t\t<\/div>\n\t\t\t\t\t<\/div>\n\t\t<\/div>\n\t\t\t\t\t<\/div>\n\t\t<\/section>\n\t\t\t\t<\/div>\n\t\t","protected":false},"excerpt":{"rendered":"<p>Sant\u00e9 reproductive, maternelle, n\u00e9onatale, infantile et adolescente (RMNCAH) Amref West Africa s\u2019est tr\u00e8s t\u00f4t focalis\u00e9e sur l&#8217;am\u00e9lioration de la sant\u00e9 des femmes et des enfants et des communaut\u00e9s, tout en [&hellip;]<\/p>\n","protected":false},"author":1,"featured_media":0,"parent":60,"menu_order":0,"comment_status":"closed","ping_status":"closed","template":"elementor_header_footer","meta":{"_monsterinsights_skip_tracking":false,"_monsterinsights_sitenote_active":false,"_monsterinsights_sitenote_note":"","_monsterinsights_sitenote_category":0,"footnotes":""},"yst_prominent_words":[],"class_list":["post-70","page","type-page","status-publish","hentry"],"yoast_head":"<!-- This site is optimized with the Yoast SEO Premium plugin v14.6.1 - https:\/\/yoast.com\/wordpress\/plugins\/seo\/ -->\n<title>Sant\u00e9 reproductive, maternelle, n\u00e9onatale, infantile et adolescente (RMNCAH) - Amref Health Africa bureau r\u00e9gional pour l\u2019Afrique de l\u2019Ouest<\/title>\n<meta name=\"robots\" content=\"index, follow\" \/>\n<meta name=\"googlebot\" content=\"index, follow, max-snippet:-1, max-image-preview:large, max-video-preview:-1\" \/>\n<meta name=\"bingbot\" content=\"index, follow, max-snippet:-1, max-image-preview:large, max-video-preview:-1\" \/>\n<link rel=\"canonical\" href=\"https:\/\/amref.org\/west-africa\/nos-programmes\/rmncah\/\" \/>\n<meta property=\"og:locale\" content=\"en_GB\" \/>\n<meta property=\"og:type\" content=\"article\" \/>\n<meta property=\"og:title\" content=\"Sant\u00e9 reproductive, maternelle, n\u00e9onatale, infantile et adolescente (RMNCAH) - Amref Health Africa bureau r\u00e9gional pour l\u2019Afrique de l\u2019Ouest\" \/>\n<meta property=\"og:description\" content=\"Sant\u00e9 reproductive, maternelle, n\u00e9onatale, infantile et adolescente (RMNCAH) Amref West Africa s\u2019est tr\u00e8s t\u00f4t focalis\u00e9e sur l&#8217;am\u00e9lioration de la sant\u00e9 des femmes et des enfants et des communaut\u00e9s, tout en [&hellip;]\" \/>\n<meta property=\"og:url\" content=\"https:\/\/amref.org\/west-africa\/nos-programmes\/rmncah\/\" \/>\n<meta property=\"og:site_name\" content=\"Amref Health Africa bureau r\u00e9gional pour l\u2019Afrique de l\u2019Ouest\" \/>\n<meta property=\"article:author\" content=\"https:\/\/www.facebook.com\/AmrefHealthAfrica\" \/>\n<meta property=\"article:modified_time\" content=\"2023-05-18T10:53:54+00:00\" \/>\n<meta name=\"twitter:card\" content=\"summary_large_image\" \/>\n<script type=\"application\/ld+json\" class=\"yoast-schema-graph\">{\"@context\":\"https:\/\/schema.org\",\"@graph\":[{\"@type\":\"WebSite\",\"@id\":\"https:\/\/amref.org\/west-africa\/#website\",\"url\":\"https:\/\/amref.org\/west-africa\/\",\"name\":\"Amref Health Africa bureau r\\u00e9gional pour l\\u2019Afrique de l\\u2019Ouest\",\"description\":\"\",\"potentialAction\":[{\"@type\":\"SearchAction\",\"target\":\"https:\/\/amref.org\/west-africa\/?s={search_term_string}\",\"query-input\":\"required name=search_term_string\"}],\"inLanguage\":\"en-GB\"},{\"@type\":\"WebPage\",\"@id\":\"https:\/\/amref.org\/west-africa\/nos-programmes\/rmncah\/#webpage\",\"url\":\"https:\/\/amref.org\/west-africa\/nos-programmes\/rmncah\/\",\"name\":\"Sant\\u00e9 reproductive, maternelle, n\\u00e9onatale, infantile et adolescente (RMNCAH) - Amref Health Africa bureau r\\u00e9gional pour l\\u2019Afrique de l\\u2019Ouest\",\"isPartOf\":{\"@id\":\"https:\/\/amref.org\/west-africa\/#website\"},\"datePublished\":\"2023-05-18T10:51:51+00:00\",\"dateModified\":\"2023-05-18T10:53:54+00:00\",\"inLanguage\":\"en-GB\",\"potentialAction\":[{\"@type\":\"ReadAction\",\"target\":[\"https:\/\/amref.org\/west-africa\/nos-programmes\/rmncah\/\"]}]}]}<\/script>\n<!-- \/ Yoast SEO Premium plugin. -->","_links":{"self":[{"href":"https:\/\/amref.org\/west-africa\/wp-json\/wp\/v2\/pages\/70","targetHints":{"allow":["GET"]}}],"collection":[{"href":"https:\/\/amref.org\/west-africa\/wp-json\/wp\/v2\/pages"}],"about":[{"href":"https:\/\/amref.org\/west-africa\/wp-json\/wp\/v2\/types\/page"}],"author":[{"embeddable":true,"href":"https:\/\/amref.org\/west-africa\/wp-json\/wp\/v2\/users\/1"}],"replies":[{"embeddable":true,"href":"https:\/\/amref.org\/west-africa\/wp-json\/wp\/v2\/comments?post=70"}],"version-history":[{"count":4,"href":"https:\/\/amref.org\/west-africa\/wp-json\/wp\/v2\/pages\/70\/revisions"}],"predecessor-version":[{"id":74,"href":"https:\/\/amref.org\/west-africa\/wp-json\/wp\/v2\/pages\/70\/revisions\/74"}],"up":[{"embeddable":true,"href":"https:\/\/amref.org\/west-africa\/wp-json\/wp\/v2\/pages\/60"}],"wp:attachment":[{"href":"https:\/\/amref.org\/west-africa\/wp-json\/wp\/v2\/media?parent=70"}],"wp:term":[{"taxonomy":"yst_prominent_words","embeddable":true,"href":"https:\/\/amref.org\/west-africa\/wp-json\/wp\/v2\/yst_prominent_words?post=70"}],"curies":[{"name":"wp","href":"https:\/\/api.w.org\/{rel}","templated":true}]}}