{"id":78,"date":"2023-05-18T11:54:58","date_gmt":"2023-05-18T10:54:58","guid":{"rendered":"https:\/\/amref.org\/west-africa\/?page_id=78"},"modified":"2023-05-18T11:56:47","modified_gmt":"2023-05-18T10:56:47","slug":"dcp-et-interventions-durgence","status":"publish","type":"page","link":"https:\/\/amref.org\/west-africa\/nos-programmes\/dcp-et-interventions-durgence\/","title":{"rendered":"Le programme de contr\u00f4le et de pr\u00e9vention des maladies (DCP) et interventions d\u2019urgence"},"content":{"rendered":"\t\t<div data-elementor-type=\"wp-page\" data-elementor-id=\"78\" class=\"elementor elementor-78\" data-elementor-post-type=\"page\">\n\t\t\t\t\t\t<section class=\"elementor-section elementor-top-section elementor-element elementor-element-257d12b5 elementor-section-boxed elementor-section-height-default elementor-section-height-default\" data-id=\"257d12b5\" data-element_type=\"section\" data-e-type=\"section\" data-settings=\"{&quot;background_background&quot;:&quot;classic&quot;}\">\n\t\t\t\t\t\t\t<div class=\"elementor-background-overlay\"><\/div>\n\t\t\t\t\t\t\t<div class=\"elementor-container elementor-column-gap-default\">\n\t\t\t\t\t<div class=\"elementor-column elementor-col-100 elementor-top-column elementor-element elementor-element-7223a0\" data-id=\"7223a0\" data-element_type=\"column\" data-e-type=\"column\">\n\t\t\t<div class=\"elementor-widget-wrap elementor-element-populated\">\n\t\t\t\t\t\t<div class=\"elementor-element elementor-element-41428069 elementor-widget elementor-widget-heading\" data-id=\"41428069\" data-element_type=\"widget\" data-e-type=\"widget\" data-widget_type=\"heading.default\">\n\t\t\t\t<div class=\"elementor-widget-container\">\n\t\t\t\t\t<h1 class=\"elementor-heading-title elementor-size-default\">Le programme de contr\u00f4le et de pr\u00e9vention des maladies (DCP) et interventions d\u2019urgence<\/h1>\t\t\t\t<\/div>\n\t\t\t\t<\/div>\n\t\t\t\t<div class=\"elementor-element elementor-element-7a02177e elementor-widget-divider--view-line elementor-widget elementor-widget-divider\" data-id=\"7a02177e\" data-element_type=\"widget\" data-e-type=\"widget\" data-widget_type=\"divider.default\">\n\t\t\t\t<div class=\"elementor-widget-container\">\n\t\t\t\t\t\t\t<div class=\"elementor-divider\">\n\t\t\t<span class=\"elementor-divider-separator\">\n\t\t\t\t\t\t<\/span>\n\t\t<\/div>\n\t\t\t\t\t\t<\/div>\n\t\t\t\t<\/div>\n\t\t\t\t\t<\/div>\n\t\t<\/div>\n\t\t\t\t\t<\/div>\n\t\t<\/section>\n\t\t\t\t<section class=\"elementor-section elementor-top-section elementor-element elementor-element-2926cc2 elementor-section-boxed elementor-section-height-default elementor-section-height-default\" data-id=\"2926cc2\" data-element_type=\"section\" data-e-type=\"section\">\n\t\t\t\t\t\t<div class=\"elementor-container elementor-column-gap-default\">\n\t\t\t\t\t<div class=\"elementor-column elementor-col-100 elementor-top-column elementor-element elementor-element-0129d15\" data-id=\"0129d15\" data-element_type=\"column\" data-e-type=\"column\">\n\t\t\t<div class=\"elementor-widget-wrap elementor-element-populated\">\n\t\t\t\t\t\t<div class=\"elementor-element elementor-element-2b386fc elementor-widget elementor-widget-text-editor\" data-id=\"2b386fc\" data-element_type=\"widget\" data-e-type=\"widget\" data-widget_type=\"text-editor.default\">\n\t\t\t\t<div class=\"elementor-widget-container\">\n\t\t\t\t\t\t\t\t\t<p>Le programme de contr\u00f4le et de pr\u00e9vention des maladies est l&#8217;un des plus importants programmes les plus importants qui a \u00e9t\u00e9 d\u00e9velopp\u00e9 et mis en \u0153uvre par Amref en Afrique de l\u2019Ouest. Il vise \u00e0 assurer la qualit\u00e9 de la mise en \u0153uvre des interventions communautaires et des interventions dans les \u00e9tablissements pour le contr\u00f4le et la pr\u00e9vention des maladies primaires et secondaires, et il vise \u00e0 minimiser le fardeau des maladies et des facteurs de risque qui y sont associ\u00e9s.<\/p><p>\u00a0Le programme travaille avec des communaut\u00e9s cibl\u00e9es pour am\u00e9liorer leur sant\u00e9 en modifiant l&#8217;impact des d\u00e9terminants sociaux et \u00e9conomiques sur la sant\u00e9 ; en fournissant des informations sur les risques comportementaux et m\u00e9dicaux pour la sant\u00e9, ainsi que des consultations et des mesures pour les r\u00e9duire au niveau personnel et communautaire en \u00e9duquant \u00e0 l&#8217;hygi\u00e8ne bucco-dentaire ; et en fournissant des services cliniques pr\u00e9ventifs et curatifs. Les composantes diagnostiques du programme garantissent que les partenaires disposent de laboratoires bien \u00e9quip\u00e9s, g\u00e9r\u00e9s par des prestataires de services de sant\u00e9 qualifi\u00e9s, capables de fournir en temps voulu des informations fiables et pr\u00e9cises pour la prise en charge des patients et la surveillance des maladies. Amref West Africa met en \u0153uvre au S\u00e9n\u00e9gal et en R\u00e9publique de Guin\u00e9e un programme int\u00e9gr\u00e9 d\u2019am\u00e9lioration de la sant\u00e9 des enfants et des m\u00e8res en ciblant des r\u00e9gions rurales particuli\u00e8rement pauvres, pr\u00e9sentant des taux de morbidit\u00e9 et mortalit\u00e9 infanto-juv\u00e9niles sup\u00e9rieurs aux moyennes et dans le but d\u2019assurer un suivi m\u00e9dical des enfants, \u00e0 renforcer les capacit\u00e9s des personnels de sant\u00e9 communautaires en mati\u00e8re de prise en charge int\u00e9gr\u00e9e des maladies de l\u2019enfant (PCIME), \u00e0 sensibiliser les femmes \u00e0 la sant\u00e9 infantile et \u00e0 \u00e9duquer les enfants d\u2019\u00e2ge scolaire aux bonnes pratiques d\u2019hygi\u00e8ne et de sant\u00e9. Aussi, en termes d\u2019interventions d\u2019urgence, Amref b\u00e9n\u00e9ficie d\u2019une exp\u00e9rience dans la fourniture de soins de sant\u00e9 essentiels aux communaut\u00e9s \u00e9loign\u00e9es en Afrique, comme en t\u00e9moigne ses interventions lors des \u00e9pid\u00e9mies d&#8217;Ebola au S\u00e9n\u00e9gal, en Sierra L\u00e9one et en Guin\u00e9e en 2014. Selon les pays et les contextes locaux, les interventions d\u2019Amref ont vari\u00e9 en agissant sur les principales lacunes qui ne sont pas combl\u00e9es par d&#8217;autres partenaires. Dans ce cadre, Amref soutient les minist\u00e8res de la sant\u00e9, l&#8217;OMS et les autres acteurs locaux, nationaux et r\u00e9gionaux dans la mise en \u0153uvre align\u00e9e de la r\u00e9ponse en mettant surtout \u00e0 profit son r\u00e9seau d\u2019acteurs communautaires pour assurer l\u2019appropriation de la strat\u00e9gie et l\u2019adh\u00e9sion des communaut\u00e9s.<\/p>\t\t\t\t\t\t\t\t<\/div>\n\t\t\t\t<\/div>\n\t\t\t\t\t<\/div>\n\t\t<\/div>\n\t\t\t\t\t<\/div>\n\t\t<\/section>\n\t\t\t\t<\/div>\n\t\t","protected":false},"excerpt":{"rendered":"<p>Le programme de contr\u00f4le et de pr\u00e9vention des maladies (DCP) et interventions d\u2019urgence Le programme de contr\u00f4le et de pr\u00e9vention des maladies est l&#8217;un des plus importants programmes les plus [&hellip;]<\/p>\n","protected":false},"author":1,"featured_media":0,"parent":60,"menu_order":0,"comment_status":"closed","ping_status":"closed","template":"elementor_header_footer","meta":{"_monsterinsights_skip_tracking":false,"_monsterinsights_sitenote_active":false,"_monsterinsights_sitenote_note":"","_monsterinsights_sitenote_category":0,"footnotes":""},"yst_prominent_words":[],"class_list":["post-78","page","type-page","status-publish","hentry"],"yoast_head":"<!-- This site is optimized with the Yoast SEO Premium plugin v14.6.1 - https:\/\/yoast.com\/wordpress\/plugins\/seo\/ -->\n<title>Le programme de contr\u00f4le et de pr\u00e9vention des maladies (DCP) et interventions d\u2019urgence - Amref Health Africa bureau r\u00e9gional pour l\u2019Afrique de l\u2019Ouest<\/title>\n<meta name=\"robots\" content=\"index, follow\" \/>\n<meta name=\"googlebot\" content=\"index, follow, max-snippet:-1, max-image-preview:large, max-video-preview:-1\" \/>\n<meta name=\"bingbot\" content=\"index, follow, max-snippet:-1, max-image-preview:large, max-video-preview:-1\" \/>\n<link rel=\"canonical\" href=\"https:\/\/amref.org\/west-africa\/nos-programmes\/dcp-et-interventions-durgence\/\" \/>\n<meta property=\"og:locale\" content=\"en_GB\" \/>\n<meta property=\"og:type\" content=\"article\" \/>\n<meta property=\"og:title\" content=\"Le programme de contr\u00f4le et de pr\u00e9vention des maladies (DCP) et interventions d\u2019urgence - Amref Health Africa bureau r\u00e9gional pour l\u2019Afrique de l\u2019Ouest\" \/>\n<meta property=\"og:description\" content=\"Le programme de contr\u00f4le et de pr\u00e9vention des maladies (DCP) et interventions d\u2019urgence Le programme de contr\u00f4le et de pr\u00e9vention des maladies est l&#8217;un des plus importants programmes les plus [&hellip;]\" \/>\n<meta property=\"og:url\" content=\"https:\/\/amref.org\/west-africa\/nos-programmes\/dcp-et-interventions-durgence\/\" \/>\n<meta property=\"og:site_name\" content=\"Amref Health Africa bureau r\u00e9gional pour l\u2019Afrique de l\u2019Ouest\" \/>\n<meta property=\"article:author\" content=\"https:\/\/www.facebook.com\/AmrefHealthAfrica\" \/>\n<meta property=\"article:modified_time\" content=\"2023-05-18T10:56:47+00:00\" \/>\n<meta name=\"twitter:card\" content=\"summary_large_image\" \/>\n<script type=\"application\/ld+json\" class=\"yoast-schema-graph\">{\"@context\":\"https:\/\/schema.org\",\"@graph\":[{\"@type\":\"WebSite\",\"@id\":\"https:\/\/amref.org\/west-africa\/#website\",\"url\":\"https:\/\/amref.org\/west-africa\/\",\"name\":\"Amref Health Africa bureau r\\u00e9gional pour l\\u2019Afrique de l\\u2019Ouest\",\"description\":\"\",\"potentialAction\":[{\"@type\":\"SearchAction\",\"target\":\"https:\/\/amref.org\/west-africa\/?s={search_term_string}\",\"query-input\":\"required name=search_term_string\"}],\"inLanguage\":\"en-GB\"},{\"@type\":\"WebPage\",\"@id\":\"https:\/\/amref.org\/west-africa\/nos-programmes\/dcp-et-interventions-durgence\/#webpage\",\"url\":\"https:\/\/amref.org\/west-africa\/nos-programmes\/dcp-et-interventions-durgence\/\",\"name\":\"Le programme de contr\\u00f4le et de pr\\u00e9vention des maladies (DCP) et interventions d\\u2019urgence - Amref Health Africa bureau r\\u00e9gional pour l\\u2019Afrique de l\\u2019Ouest\",\"isPartOf\":{\"@id\":\"https:\/\/amref.org\/west-africa\/#website\"},\"datePublished\":\"2023-05-18T10:54:58+00:00\",\"dateModified\":\"2023-05-18T10:56:47+00:00\",\"inLanguage\":\"en-GB\",\"potentialAction\":[{\"@type\":\"ReadAction\",\"target\":[\"https:\/\/amref.org\/west-africa\/nos-programmes\/dcp-et-interventions-durgence\/\"]}]}]}<\/script>\n<!-- \/ Yoast SEO Premium plugin. -->","_links":{"self":[{"href":"https:\/\/amref.org\/west-africa\/wp-json\/wp\/v2\/pages\/78","targetHints":{"allow":["GET"]}}],"collection":[{"href":"https:\/\/amref.org\/west-africa\/wp-json\/wp\/v2\/pages"}],"about":[{"href":"https:\/\/amref.org\/west-africa\/wp-json\/wp\/v2\/types\/page"}],"author":[{"embeddable":true,"href":"https:\/\/amref.org\/west-africa\/wp-json\/wp\/v2\/users\/1"}],"replies":[{"embeddable":true,"href":"https:\/\/amref.org\/west-africa\/wp-json\/wp\/v2\/comments?post=78"}],"version-history":[{"count":4,"href":"https:\/\/amref.org\/west-africa\/wp-json\/wp\/v2\/pages\/78\/revisions"}],"predecessor-version":[{"id":82,"href":"https:\/\/amref.org\/west-africa\/wp-json\/wp\/v2\/pages\/78\/revisions\/82"}],"up":[{"embeddable":true,"href":"https:\/\/amref.org\/west-africa\/wp-json\/wp\/v2\/pages\/60"}],"wp:attachment":[{"href":"https:\/\/amref.org\/west-africa\/wp-json\/wp\/v2\/media?parent=78"}],"wp:term":[{"taxonomy":"yst_prominent_words","embeddable":true,"href":"https:\/\/amref.org\/west-africa\/wp-json\/wp\/v2\/yst_prominent_words?post=78"}],"curies":[{"name":"wp","href":"https:\/\/api.w.org\/{rel}","templated":true}]}}