{"id":86,"date":"2023-05-18T11:57:24","date_gmt":"2023-05-18T10:57:24","guid":{"rendered":"https:\/\/amref.org\/west-africa\/?page_id=86"},"modified":"2023-05-18T11:58:57","modified_gmt":"2023-05-18T10:58:57","slug":"prevention-des-violences-basees-sur-le-genre-et-lautonomisation-des-femmes","status":"publish","type":"page","link":"https:\/\/amref.org\/west-africa\/nos-programmes\/prevention-des-violences-basees-sur-le-genre-et-lautonomisation-des-femmes\/","title":{"rendered":"Pr\u00e9vention des violences bas\u00e9es sur le genre et l\u2019autonomisation des femmes"},"content":{"rendered":"\t\t<div data-elementor-type=\"wp-page\" data-elementor-id=\"86\" class=\"elementor elementor-86\" data-elementor-post-type=\"page\">\n\t\t\t\t\t\t<section class=\"elementor-section elementor-top-section elementor-element elementor-element-257d12b5 elementor-section-boxed elementor-section-height-default elementor-section-height-default\" data-id=\"257d12b5\" data-element_type=\"section\" data-e-type=\"section\" data-settings=\"{&quot;background_background&quot;:&quot;classic&quot;}\">\n\t\t\t\t\t\t\t<div class=\"elementor-background-overlay\"><\/div>\n\t\t\t\t\t\t\t<div class=\"elementor-container elementor-column-gap-default\">\n\t\t\t\t\t<div class=\"elementor-column elementor-col-100 elementor-top-column elementor-element elementor-element-7223a0\" data-id=\"7223a0\" data-element_type=\"column\" data-e-type=\"column\">\n\t\t\t<div class=\"elementor-widget-wrap elementor-element-populated\">\n\t\t\t\t\t\t<div class=\"elementor-element elementor-element-41428069 elementor-widget elementor-widget-heading\" data-id=\"41428069\" data-element_type=\"widget\" data-e-type=\"widget\" data-widget_type=\"heading.default\">\n\t\t\t\t<div class=\"elementor-widget-container\">\n\t\t\t\t\t<h1 class=\"elementor-heading-title elementor-size-default\">Pr\u00e9vention des violences bas\u00e9es sur le genre et l\u2019autonomisation des femmes<\/h1>\t\t\t\t<\/div>\n\t\t\t\t<\/div>\n\t\t\t\t<div class=\"elementor-element elementor-element-7a02177e elementor-widget-divider--view-line elementor-widget elementor-widget-divider\" data-id=\"7a02177e\" data-element_type=\"widget\" data-e-type=\"widget\" data-widget_type=\"divider.default\">\n\t\t\t\t<div class=\"elementor-widget-container\">\n\t\t\t\t\t\t\t<div class=\"elementor-divider\">\n\t\t\t<span class=\"elementor-divider-separator\">\n\t\t\t\t\t\t<\/span>\n\t\t<\/div>\n\t\t\t\t\t\t<\/div>\n\t\t\t\t<\/div>\n\t\t\t\t\t<\/div>\n\t\t<\/div>\n\t\t\t\t\t<\/div>\n\t\t<\/section>\n\t\t\t\t<section class=\"elementor-section elementor-top-section elementor-element elementor-element-2926cc2 elementor-section-boxed elementor-section-height-default elementor-section-height-default\" data-id=\"2926cc2\" data-element_type=\"section\" data-e-type=\"section\">\n\t\t\t\t\t\t<div class=\"elementor-container elementor-column-gap-default\">\n\t\t\t\t\t<div class=\"elementor-column elementor-col-100 elementor-top-column elementor-element elementor-element-0129d15\" data-id=\"0129d15\" data-element_type=\"column\" data-e-type=\"column\">\n\t\t\t<div class=\"elementor-widget-wrap elementor-element-populated\">\n\t\t\t\t\t\t<div class=\"elementor-element elementor-element-2b386fc elementor-widget elementor-widget-text-editor\" data-id=\"2b386fc\" data-element_type=\"widget\" data-e-type=\"widget\" data-widget_type=\"text-editor.default\">\n\t\t\t\t<div class=\"elementor-widget-container\">\n\t\t\t\t\t\t\t\t\t<p>Les programmes de Amref West Africa au S\u00e9n\u00e9gal et en Guin\u00e9e se concentrent les initiatives cibl\u00e9es de lutte contre les violences faites aux femmes et aux filles, sur l&#8217;autonomisation des femmes, des jeunes et des adolescents avec une repr\u00e9sentativit\u00e9 \u00e9quitable entre hommes\/femmes. Dans l&#8217;approche d&#8217;Amref, la sant\u00e9 est \u00e9galement utilis\u00e9e comme un moyen de maintenir les filles \u00e0 l&#8217;\u00e9cole et donc de garantir une meilleure \u00e9ducation et un meilleur acc\u00e8s aux revenus. Cette exp\u00e9rience a \u00e9t\u00e9 mise en \u0153uvre par le biais des projets Devenir dans la r\u00e9gion de S\u00e9dhiou, Bamtaar\u00e9 Rewb\u00e9 dans la commune de Kolda et le Projet African Led Movement \u00e0 S\u00e9dhiou et Kolda qui offrent des formations locales et des possibilit\u00e9s d&#8217;\u00e9volution de carri\u00e8re aux jeunes, hommes et femmes. Dans ses efforts d\u2019autonomisation et de r\u00e9silience des femmes aux crises sanitaires, Amref West Africa dans se propose de renforcer la r\u00e9alisation des droits des femmes, de r\u00e9duire les cons\u00e9quences de la crise sur leur sant\u00e9 reproductive et leur \u00e9tat nutritionnel dans le district sanitaire de V\u00e9lingara. Le projet Accompagnement de la r\u00e9silience des populations rurales du S\u00e9n\u00e9gal et du Mali par l&#8217;entrepreneuriat social (ARSMAIS) qui intervient \u00e0 Kolda et S\u00e9dhiou renforce le positionnement de Amref West Africa pour promouvoir le d\u00e9veloppement endog\u00e8ne par la cr\u00e9ation d&#8217;emplois ind\u00e9pendants et salari\u00e9s, l&#8217;inclusion socio-\u00e9conomique et la protection des groupes les plus vuln\u00e9rables (jeunes hommes et femmes) et la lutte contre la culture de la migration.<\/p><p>Aussi bien dans la partie sud du S\u00e9n\u00e9gal et dans les r\u00e9gions rurales de la R\u00e9publique de Guin\u00e9e, Amref West Africa porte une attention particuli\u00e8re aux VBG sous toutes ses formes (MGF, VGO, etc.) en d\u00e9veloppant des programmes de pr\u00e9vention des mutilations g\u00e9nitales f\u00e9minines qui est une contribution \u00e0 l\u2019am\u00e9lioration de la sant\u00e9 des adolescents<\/p>\t\t\t\t\t\t\t\t<\/div>\n\t\t\t\t<\/div>\n\t\t\t\t\t<\/div>\n\t\t<\/div>\n\t\t\t\t\t<\/div>\n\t\t<\/section>\n\t\t\t\t<\/div>\n\t\t","protected":false},"excerpt":{"rendered":"<p>Pr\u00e9vention des violences bas\u00e9es sur le genre et l\u2019autonomisation des femmes Les programmes de Amref West Africa au S\u00e9n\u00e9gal et en Guin\u00e9e se concentrent les initiatives cibl\u00e9es de lutte contre [&hellip;]<\/p>\n","protected":false},"author":1,"featured_media":0,"parent":60,"menu_order":0,"comment_status":"closed","ping_status":"closed","template":"elementor_header_footer","meta":{"_monsterinsights_skip_tracking":false,"_monsterinsights_sitenote_active":false,"_monsterinsights_sitenote_note":"","_monsterinsights_sitenote_category":0,"footnotes":""},"yst_prominent_words":[],"class_list":["post-86","page","type-page","status-publish","hentry"],"yoast_head":"<!-- This site is optimized with the Yoast SEO Premium plugin v14.6.1 - https:\/\/yoast.com\/wordpress\/plugins\/seo\/ -->\n<title>Pr\u00e9vention des violences bas\u00e9es sur le genre et l\u2019autonomisation des femmes - Amref Health Africa bureau r\u00e9gional pour l\u2019Afrique de l\u2019Ouest<\/title>\n<meta name=\"robots\" content=\"index, follow\" \/>\n<meta name=\"googlebot\" content=\"index, follow, max-snippet:-1, max-image-preview:large, max-video-preview:-1\" \/>\n<meta name=\"bingbot\" content=\"index, follow, max-snippet:-1, max-image-preview:large, max-video-preview:-1\" \/>\n<link rel=\"canonical\" href=\"https:\/\/amref.org\/west-africa\/nos-programmes\/prevention-des-violences-basees-sur-le-genre-et-lautonomisation-des-femmes\/\" \/>\n<meta property=\"og:locale\" content=\"en_GB\" \/>\n<meta property=\"og:type\" content=\"article\" \/>\n<meta property=\"og:title\" content=\"Pr\u00e9vention des violences bas\u00e9es sur le genre et l\u2019autonomisation des femmes - Amref Health Africa bureau r\u00e9gional pour l\u2019Afrique de l\u2019Ouest\" \/>\n<meta property=\"og:description\" content=\"Pr\u00e9vention des violences bas\u00e9es sur le genre et l\u2019autonomisation des femmes Les programmes de Amref West Africa au S\u00e9n\u00e9gal et en Guin\u00e9e se concentrent les initiatives cibl\u00e9es de lutte contre [&hellip;]\" \/>\n<meta property=\"og:url\" content=\"https:\/\/amref.org\/west-africa\/nos-programmes\/prevention-des-violences-basees-sur-le-genre-et-lautonomisation-des-femmes\/\" \/>\n<meta property=\"og:site_name\" content=\"Amref Health Africa bureau r\u00e9gional pour l\u2019Afrique de l\u2019Ouest\" \/>\n<meta property=\"article:author\" content=\"https:\/\/www.facebook.com\/AmrefHealthAfrica\" \/>\n<meta property=\"article:modified_time\" content=\"2023-05-18T10:58:57+00:00\" \/>\n<meta name=\"twitter:card\" content=\"summary_large_image\" \/>\n<script type=\"application\/ld+json\" class=\"yoast-schema-graph\">{\"@context\":\"https:\/\/schema.org\",\"@graph\":[{\"@type\":\"WebSite\",\"@id\":\"https:\/\/amref.org\/west-africa\/#website\",\"url\":\"https:\/\/amref.org\/west-africa\/\",\"name\":\"Amref Health Africa bureau r\\u00e9gional pour l\\u2019Afrique de l\\u2019Ouest\",\"description\":\"\",\"potentialAction\":[{\"@type\":\"SearchAction\",\"target\":\"https:\/\/amref.org\/west-africa\/?s={search_term_string}\",\"query-input\":\"required name=search_term_string\"}],\"inLanguage\":\"en-GB\"},{\"@type\":\"WebPage\",\"@id\":\"https:\/\/amref.org\/west-africa\/nos-programmes\/prevention-des-violences-basees-sur-le-genre-et-lautonomisation-des-femmes\/#webpage\",\"url\":\"https:\/\/amref.org\/west-africa\/nos-programmes\/prevention-des-violences-basees-sur-le-genre-et-lautonomisation-des-femmes\/\",\"name\":\"Pr\\u00e9vention des violences bas\\u00e9es sur le genre et l\\u2019autonomisation des femmes - Amref Health Africa bureau r\\u00e9gional pour l\\u2019Afrique de l\\u2019Ouest\",\"isPartOf\":{\"@id\":\"https:\/\/amref.org\/west-africa\/#website\"},\"datePublished\":\"2023-05-18T10:57:24+00:00\",\"dateModified\":\"2023-05-18T10:58:57+00:00\",\"inLanguage\":\"en-GB\",\"potentialAction\":[{\"@type\":\"ReadAction\",\"target\":[\"https:\/\/amref.org\/west-africa\/nos-programmes\/prevention-des-violences-basees-sur-le-genre-et-lautonomisation-des-femmes\/\"]}]}]}<\/script>\n<!-- \/ Yoast SEO Premium plugin. -->","_links":{"self":[{"href":"https:\/\/amref.org\/west-africa\/wp-json\/wp\/v2\/pages\/86","targetHints":{"allow":["GET"]}}],"collection":[{"href":"https:\/\/amref.org\/west-africa\/wp-json\/wp\/v2\/pages"}],"about":[{"href":"https:\/\/amref.org\/west-africa\/wp-json\/wp\/v2\/types\/page"}],"author":[{"embeddable":true,"href":"https:\/\/amref.org\/west-africa\/wp-json\/wp\/v2\/users\/1"}],"replies":[{"embeddable":true,"href":"https:\/\/amref.org\/west-africa\/wp-json\/wp\/v2\/comments?post=86"}],"version-history":[{"count":4,"href":"https:\/\/amref.org\/west-africa\/wp-json\/wp\/v2\/pages\/86\/revisions"}],"predecessor-version":[{"id":90,"href":"https:\/\/amref.org\/west-africa\/wp-json\/wp\/v2\/pages\/86\/revisions\/90"}],"up":[{"embeddable":true,"href":"https:\/\/amref.org\/west-africa\/wp-json\/wp\/v2\/pages\/60"}],"wp:attachment":[{"href":"https:\/\/amref.org\/west-africa\/wp-json\/wp\/v2\/media?parent=86"}],"wp:term":[{"taxonomy":"yst_prominent_words","embeddable":true,"href":"https:\/\/amref.org\/west-africa\/wp-json\/wp\/v2\/yst_prominent_words?post=86"}],"curies":[{"name":"wp","href":"https:\/\/api.w.org\/{rel}","templated":true}]}}