{"id":94,"date":"2023-05-18T11:59:44","date_gmt":"2023-05-18T10:59:44","guid":{"rendered":"https:\/\/amref.org\/west-africa\/?page_id=94"},"modified":"2023-05-18T12:01:59","modified_gmt":"2023-05-18T11:01:59","slug":"le-leadership-des-jeunes-et-la-participation","status":"publish","type":"page","link":"https:\/\/amref.org\/west-africa\/nos-programmes\/le-leadership-des-jeunes-et-la-participation\/","title":{"rendered":"Le leadership des jeunes et la participation significative des jeunes dans les instances de prises de d\u00e9cision"},"content":{"rendered":"\t\t<div data-elementor-type=\"wp-page\" data-elementor-id=\"94\" class=\"elementor elementor-94\" data-elementor-post-type=\"page\">\n\t\t\t\t\t\t<section class=\"elementor-section elementor-top-section elementor-element elementor-element-257d12b5 elementor-section-boxed elementor-section-height-default elementor-section-height-default\" data-id=\"257d12b5\" data-element_type=\"section\" data-e-type=\"section\" data-settings=\"{&quot;background_background&quot;:&quot;classic&quot;}\">\n\t\t\t\t\t\t\t<div class=\"elementor-background-overlay\"><\/div>\n\t\t\t\t\t\t\t<div class=\"elementor-container elementor-column-gap-default\">\n\t\t\t\t\t<div class=\"elementor-column elementor-col-100 elementor-top-column elementor-element elementor-element-7223a0\" data-id=\"7223a0\" data-element_type=\"column\" data-e-type=\"column\">\n\t\t\t<div class=\"elementor-widget-wrap elementor-element-populated\">\n\t\t\t\t\t\t<div class=\"elementor-element elementor-element-41428069 elementor-widget elementor-widget-heading\" data-id=\"41428069\" data-element_type=\"widget\" data-e-type=\"widget\" data-widget_type=\"heading.default\">\n\t\t\t\t<div class=\"elementor-widget-container\">\n\t\t\t\t\t<h1 class=\"elementor-heading-title elementor-size-default\">Le leadership des jeunes et la participation significative des jeunes dans les instances de prises de d\u00e9cision<\/h1>\t\t\t\t<\/div>\n\t\t\t\t<\/div>\n\t\t\t\t<div class=\"elementor-element elementor-element-7a02177e elementor-widget-divider--view-line elementor-widget elementor-widget-divider\" data-id=\"7a02177e\" data-element_type=\"widget\" data-e-type=\"widget\" data-widget_type=\"divider.default\">\n\t\t\t\t<div class=\"elementor-widget-container\">\n\t\t\t\t\t\t\t<div class=\"elementor-divider\">\n\t\t\t<span class=\"elementor-divider-separator\">\n\t\t\t\t\t\t<\/span>\n\t\t<\/div>\n\t\t\t\t\t\t<\/div>\n\t\t\t\t<\/div>\n\t\t\t\t\t<\/div>\n\t\t<\/div>\n\t\t\t\t\t<\/div>\n\t\t<\/section>\n\t\t\t\t<section class=\"elementor-section elementor-top-section elementor-element elementor-element-2926cc2 elementor-section-boxed elementor-section-height-default elementor-section-height-default\" data-id=\"2926cc2\" data-element_type=\"section\" data-e-type=\"section\">\n\t\t\t\t\t\t<div class=\"elementor-container elementor-column-gap-default\">\n\t\t\t\t\t<div class=\"elementor-column elementor-col-100 elementor-top-column elementor-element elementor-element-0129d15\" data-id=\"0129d15\" data-element_type=\"column\" data-e-type=\"column\">\n\t\t\t<div class=\"elementor-widget-wrap elementor-element-populated\">\n\t\t\t\t\t\t<div class=\"elementor-element elementor-element-2b386fc elementor-widget elementor-widget-text-editor\" data-id=\"2b386fc\" data-element_type=\"widget\" data-e-type=\"widget\" data-widget_type=\"text-editor.default\">\n\t\t\t\t<div class=\"elementor-widget-container\">\n\t\t\t\t\t\t\t\t\t<p>Le r\u00f4le des jeunes est strat\u00e9gique dans les programmes d\u2019Amref West Africa puisqu\u2019en Afrique de l\u2019Ouest 64% de la population est \u00e2g\u00e9 de moins de 25 ans <strong><em>(Source\u00a0:<\/em><\/strong><em> UNFPA, Rapport sur les adolescents et les jeunes : Afrique de l\u2019Ouest et du Centre, 2018)<\/em>. C\u2019est ainsi que l&#8217;organisation a mis en place des mod\u00e8les d\u2019intervention qui pr\u00e9voient de structurer les acteurs et organisations de la soci\u00e9t\u00e9 civile de jeunes engag\u00e9es dans la gestion de leurs collectivit\u00e9s\/communaut\u00e9s et la prise de d\u00e9cision sur les questions leur concernant notamment dans le domaine de la sant\u00e9 des adolescents, l\u2019\u00e9limination des pratiques n\u00e9fastes. Pour cela, les organisations de soci\u00e9t\u00e9 civiles locales, organisations communautaires de base essentiellement compos\u00e9es de jeunes sont mobilis\u00e9es et renforc\u00e9es pour promouvoir leur leadership et ainsi prendre en charge leurs pr\u00e9occupations dans divers domaines dont la sant\u00e9, l\u2019employabilit\u00e9 des jeunes. Dans la lutte pour l\u2019abandon des mutilations g\u00e9nitales f\u00e9minines, pour cr\u00e9er des synergies et rendre plus impactantes leurs initiatives, Amref d\u00e9veloppe, renforce et s\u2019appuie sur le leadership des jeunes regroup\u00e9s autour des coalitions (Coalitions r\u00e9gionales et d\u00e9partementales de lutte contre les mutilations g\u00e9nitales f\u00e9minines dans les r\u00e9gions d&#8217;interventions) pour porter le plaidoyer. En ce qu\u2019ils sont les parents de demain, les adolescent.e.s et les jeunes sont particuli\u00e8rement vis\u00e9s car ils participent fortement \u00e0 la perp\u00e9tuation ou \u00e0 l\u2019\u00e9volution des opinions, des attitudes et des pratiques dans leurs localit\u00e9s. En outre, Amref West Africa a d\u00e9velopp\u00e9 un ambitieux programme qui cible essentiellement les jeunes afin de les amener \u00e0 participer activement aux instances de prises de d\u00e9cision et de les engager dans l\u2019\u00e9limination des violences bas\u00e9es sur le genre. Toutes ces initiatives lanc\u00e9es par Amref ont d\u00e9montr\u00e9 la n\u00e9cessit\u00e9 d\u2019intensifier les efforts li\u00e9s au plaidoyer afin de cr\u00e9er un environnement plus favorable aux interventions et acc\u00e9l\u00e9rer leur mise en \u0153uvre.<\/p>\t\t\t\t\t\t\t\t<\/div>\n\t\t\t\t<\/div>\n\t\t\t\t\t<\/div>\n\t\t<\/div>\n\t\t\t\t\t<\/div>\n\t\t<\/section>\n\t\t\t\t<\/div>\n\t\t","protected":false},"excerpt":{"rendered":"<p>Le leadership des jeunes et la participation significative des jeunes dans les instances de prises de d\u00e9cision Le r\u00f4le des jeunes est strat\u00e9gique dans les programmes d\u2019Amref West Africa puisqu\u2019en [&hellip;]<\/p>\n","protected":false},"author":1,"featured_media":0,"parent":60,"menu_order":0,"comment_status":"closed","ping_status":"closed","template":"elementor_header_footer","meta":{"_monsterinsights_skip_tracking":false,"_monsterinsights_sitenote_active":false,"_monsterinsights_sitenote_note":"","_monsterinsights_sitenote_category":0,"footnotes":""},"yst_prominent_words":[],"class_list":["post-94","page","type-page","status-publish","hentry"],"yoast_head":"<!-- This site is optimized with the Yoast SEO Premium plugin v14.6.1 - https:\/\/yoast.com\/wordpress\/plugins\/seo\/ -->\n<title>Le leadership des jeunes et la participation significative des jeunes dans les instances de prises de d\u00e9cision - Amref Health Africa bureau r\u00e9gional pour l\u2019Afrique de l\u2019Ouest<\/title>\n<meta name=\"robots\" content=\"index, follow\" \/>\n<meta name=\"googlebot\" content=\"index, follow, max-snippet:-1, max-image-preview:large, max-video-preview:-1\" \/>\n<meta name=\"bingbot\" content=\"index, follow, max-snippet:-1, max-image-preview:large, max-video-preview:-1\" \/>\n<link rel=\"canonical\" href=\"https:\/\/amref.org\/west-africa\/nos-programmes\/le-leadership-des-jeunes-et-la-participation\/\" \/>\n<meta property=\"og:locale\" content=\"en_GB\" \/>\n<meta property=\"og:type\" content=\"article\" \/>\n<meta property=\"og:title\" content=\"Le leadership des jeunes et la participation significative des jeunes dans les instances de prises de d\u00e9cision - Amref Health Africa bureau r\u00e9gional pour l\u2019Afrique de l\u2019Ouest\" \/>\n<meta property=\"og:description\" content=\"Le leadership des jeunes et la participation significative des jeunes dans les instances de prises de d\u00e9cision Le r\u00f4le des jeunes est strat\u00e9gique dans les programmes d\u2019Amref West Africa puisqu\u2019en [&hellip;]\" \/>\n<meta property=\"og:url\" content=\"https:\/\/amref.org\/west-africa\/nos-programmes\/le-leadership-des-jeunes-et-la-participation\/\" \/>\n<meta property=\"og:site_name\" content=\"Amref Health Africa bureau r\u00e9gional pour l\u2019Afrique de l\u2019Ouest\" \/>\n<meta property=\"article:author\" content=\"https:\/\/www.facebook.com\/AmrefHealthAfrica\" \/>\n<meta property=\"article:modified_time\" content=\"2023-05-18T11:01:59+00:00\" \/>\n<meta name=\"twitter:card\" content=\"summary_large_image\" \/>\n<script type=\"application\/ld+json\" class=\"yoast-schema-graph\">{\"@context\":\"https:\/\/schema.org\",\"@graph\":[{\"@type\":\"WebSite\",\"@id\":\"https:\/\/amref.org\/west-africa\/#website\",\"url\":\"https:\/\/amref.org\/west-africa\/\",\"name\":\"Amref Health Africa bureau r\\u00e9gional pour l\\u2019Afrique de l\\u2019Ouest\",\"description\":\"\",\"potentialAction\":[{\"@type\":\"SearchAction\",\"target\":\"https:\/\/amref.org\/west-africa\/?s={search_term_string}\",\"query-input\":\"required name=search_term_string\"}],\"inLanguage\":\"en-GB\"},{\"@type\":\"WebPage\",\"@id\":\"https:\/\/amref.org\/west-africa\/nos-programmes\/le-leadership-des-jeunes-et-la-participation\/#webpage\",\"url\":\"https:\/\/amref.org\/west-africa\/nos-programmes\/le-leadership-des-jeunes-et-la-participation\/\",\"name\":\"Le leadership des jeunes et la participation significative des jeunes dans les instances de prises de d\\u00e9cision - Amref Health Africa bureau r\\u00e9gional pour l\\u2019Afrique de l\\u2019Ouest\",\"isPartOf\":{\"@id\":\"https:\/\/amref.org\/west-africa\/#website\"},\"datePublished\":\"2023-05-18T10:59:44+00:00\",\"dateModified\":\"2023-05-18T11:01:59+00:00\",\"inLanguage\":\"en-GB\",\"potentialAction\":[{\"@type\":\"ReadAction\",\"target\":[\"https:\/\/amref.org\/west-africa\/nos-programmes\/le-leadership-des-jeunes-et-la-participation\/\"]}]}]}<\/script>\n<!-- \/ Yoast SEO Premium plugin. -->","_links":{"self":[{"href":"https:\/\/amref.org\/west-africa\/wp-json\/wp\/v2\/pages\/94","targetHints":{"allow":["GET"]}}],"collection":[{"href":"https:\/\/amref.org\/west-africa\/wp-json\/wp\/v2\/pages"}],"about":[{"href":"https:\/\/amref.org\/west-africa\/wp-json\/wp\/v2\/types\/page"}],"author":[{"embeddable":true,"href":"https:\/\/amref.org\/west-africa\/wp-json\/wp\/v2\/users\/1"}],"replies":[{"embeddable":true,"href":"https:\/\/amref.org\/west-africa\/wp-json\/wp\/v2\/comments?post=94"}],"version-history":[{"count":4,"href":"https:\/\/amref.org\/west-africa\/wp-json\/wp\/v2\/pages\/94\/revisions"}],"predecessor-version":[{"id":98,"href":"https:\/\/amref.org\/west-africa\/wp-json\/wp\/v2\/pages\/94\/revisions\/98"}],"up":[{"embeddable":true,"href":"https:\/\/amref.org\/west-africa\/wp-json\/wp\/v2\/pages\/60"}],"wp:attachment":[{"href":"https:\/\/amref.org\/west-africa\/wp-json\/wp\/v2\/media?parent=94"}],"wp:term":[{"taxonomy":"yst_prominent_words","embeddable":true,"href":"https:\/\/amref.org\/west-africa\/wp-json\/wp\/v2\/yst_prominent_words?post=94"}],"curies":[{"name":"wp","href":"https:\/\/api.w.org\/{rel}","templated":true}]}}