{"id":99,"date":"2023-05-18T12:03:04","date_gmt":"2023-05-18T11:03:04","guid":{"rendered":"https:\/\/amref.org\/west-africa\/?page_id=99"},"modified":"2023-05-18T12:04:42","modified_gmt":"2023-05-18T11:04:42","slug":"le-renforcement-des-ressources-humaines-en-sante","status":"publish","type":"page","link":"https:\/\/amref.org\/west-africa\/nos-programmes\/le-renforcement-des-ressources-humaines-en-sante\/","title":{"rendered":"Le renforcement des ressources humaines en sant\u00e9"},"content":{"rendered":"\t\t<div data-elementor-type=\"wp-page\" data-elementor-id=\"99\" class=\"elementor elementor-99\" data-elementor-post-type=\"page\">\n\t\t\t\t\t\t<section class=\"elementor-section elementor-top-section elementor-element elementor-element-257d12b5 elementor-section-boxed elementor-section-height-default elementor-section-height-default\" data-id=\"257d12b5\" data-element_type=\"section\" data-e-type=\"section\" data-settings=\"{&quot;background_background&quot;:&quot;classic&quot;}\">\n\t\t\t\t\t\t\t<div class=\"elementor-background-overlay\"><\/div>\n\t\t\t\t\t\t\t<div class=\"elementor-container elementor-column-gap-default\">\n\t\t\t\t\t<div class=\"elementor-column elementor-col-100 elementor-top-column elementor-element elementor-element-7223a0\" data-id=\"7223a0\" data-element_type=\"column\" data-e-type=\"column\">\n\t\t\t<div class=\"elementor-widget-wrap elementor-element-populated\">\n\t\t\t\t\t\t<div class=\"elementor-element elementor-element-41428069 elementor-widget elementor-widget-heading\" data-id=\"41428069\" data-element_type=\"widget\" data-e-type=\"widget\" data-widget_type=\"heading.default\">\n\t\t\t\t<div class=\"elementor-widget-container\">\n\t\t\t\t\t<h1 class=\"elementor-heading-title elementor-size-default\">Le renforcement des ressources humaines en sant\u00e9 <\/h1>\t\t\t\t<\/div>\n\t\t\t\t<\/div>\n\t\t\t\t<div class=\"elementor-element elementor-element-7a02177e elementor-widget-divider--view-line elementor-widget elementor-widget-divider\" data-id=\"7a02177e\" data-element_type=\"widget\" data-e-type=\"widget\" data-widget_type=\"divider.default\">\n\t\t\t\t<div class=\"elementor-widget-container\">\n\t\t\t\t\t\t\t<div class=\"elementor-divider\">\n\t\t\t<span class=\"elementor-divider-separator\">\n\t\t\t\t\t\t<\/span>\n\t\t<\/div>\n\t\t\t\t\t\t<\/div>\n\t\t\t\t<\/div>\n\t\t\t\t\t<\/div>\n\t\t<\/div>\n\t\t\t\t\t<\/div>\n\t\t<\/section>\n\t\t\t\t<section class=\"elementor-section elementor-top-section elementor-element elementor-element-2926cc2 elementor-section-boxed elementor-section-height-default elementor-section-height-default\" data-id=\"2926cc2\" data-element_type=\"section\" data-e-type=\"section\">\n\t\t\t\t\t\t<div class=\"elementor-container elementor-column-gap-default\">\n\t\t\t\t\t<div class=\"elementor-column elementor-col-100 elementor-top-column elementor-element elementor-element-0129d15\" data-id=\"0129d15\" data-element_type=\"column\" data-e-type=\"column\">\n\t\t\t<div class=\"elementor-widget-wrap elementor-element-populated\">\n\t\t\t\t\t\t<div class=\"elementor-element elementor-element-2b386fc elementor-widget elementor-widget-text-editor\" data-id=\"2b386fc\" data-element_type=\"widget\" data-e-type=\"widget\" data-widget_type=\"text-editor.default\">\n\t\t\t\t<div class=\"elementor-widget-container\">\n\t\t\t\t\t\t\t\t\t<p>Le plan de renforcement des capacit\u00e9s conduit par Amref \u00e0 l\u2019\u00e9chelle du continent africain (notamment \u00e0 travers sa campagne Stand Up For African Mothers, qui a permis, entre 2011 et 2018 en formant pr\u00e8s de 12 000 personnels de sant\u00e9 africains), s\u2019appuie sur son exp\u00e9rience en sant\u00e9 num\u00e9rique acquise depuis plusieurs ann\u00e9es dans le continent africain. Depuis 2013, Amref West Africa a initi\u00e9 une r\u00e9plique contextualis\u00e9e et ajust\u00e9e de cette exp\u00e9rience en sant\u00e9 num\u00e9rique acquise pendant plusieurs ann\u00e9es pour l\u2019Afrique de l\u2019Ouest (S\u00e9n\u00e9gal, C\u00f4te d\u2019Ivoire) par la mise en \u0153uvre du Programme de Renforcement des Capacit\u00e9s des Infirmiers.\u00e8res et Sages-femmes (PRECIS) avec le soutien de l\u2019Organisation Ouest Africaine pour la Sant\u00e9 (OOAS).<\/p><p>Le d\u00e9ploiement du PRECIS au S\u00e9n\u00e9gal s\u2019est effectu\u00e9 en diff\u00e9rentes \u00e9tapes notamment par la mise en place de la gouvernance du projet avec les Minist\u00e8res de la Sant\u00e9 du S\u00e9n\u00e9gal et de la Cote d\u2019Ivoire et de la soci\u00e9t\u00e9 civile, la planification du projet et l\u2019identification des lieux de formation.<\/p><p>\u00a0En effet, Amref utilise depuis plus de 15 ans les outils num\u00e9riques au service de la sant\u00e9 \u00e0 savoir la formation \u00e0 distance de personnel m\u00e9dical gr\u00e2ce au e-learning et au m-learning, diagnostics \u00e0 distance gr\u00e2ce \u00e0 la t\u00e9l\u00e9m\u00e9decine, t\u00e9l\u00e9transmission d\u2019information sanitaires et suivi des patients gr\u00e2ce \u00e0 la t\u00e9l\u00e9phonie mobile, etc pour contribuer au renforcement des capacit\u00e9s des RH en sant\u00e9. Le e-learning agit comme un acc\u00e9l\u00e9rateur, permettant de s\u2019affranchir des contraintes g\u00e9ographiques, de ne pas d\u00e9mobiliser les personnels soignants d\u00e9j\u00e0 en activit\u00e9, de faciliter la mise \u00e0 jour du contenu de formation et d\u2019optimiser les co\u00fbts. Le PRECIS a permis aussi de d\u00e9ployer un dispositif technologique national et r\u00e9gional de formation num\u00e9rique, des supports p\u00e9dagogiques adapt\u00e9s aux besoins identifi\u00e9s et une \u00e9quipe p\u00e9dagogique pour la formation des sages-femmes et infirmiers d\u2019Etat.<\/p><p>Aussi avec l\u2019apparition de la Covid 19, le d\u00e9ploiement de la strat\u00e9gie d\u2019Amref West Africa a \u00e9t\u00e9 adapt\u00e9 au contexte de la pand\u00e9mie avec une innovation technologique bas\u00e9e sur le d\u00e9veloppement et l\u2019utilisation d\u2019outils num\u00e9riques pour la formation du personnel de sant\u00e9 et la sensibilisation, en compl\u00e9ment de la mobilisation communautaire au S\u00e9n\u00e9gal et en R\u00e9publique de Guin\u00e9e.<\/p>\t\t\t\t\t\t\t\t<\/div>\n\t\t\t\t<\/div>\n\t\t\t\t\t<\/div>\n\t\t<\/div>\n\t\t\t\t\t<\/div>\n\t\t<\/section>\n\t\t\t\t<\/div>\n\t\t","protected":false},"excerpt":{"rendered":"<p>Le renforcement des ressources humaines en sant\u00e9 Le plan de renforcement des capacit\u00e9s conduit par Amref \u00e0 l\u2019\u00e9chelle du continent africain (notamment \u00e0 travers sa campagne Stand Up For African [&hellip;]<\/p>\n","protected":false},"author":1,"featured_media":0,"parent":60,"menu_order":0,"comment_status":"closed","ping_status":"closed","template":"elementor_header_footer","meta":{"_monsterinsights_skip_tracking":false,"_monsterinsights_sitenote_active":false,"_monsterinsights_sitenote_note":"","_monsterinsights_sitenote_category":0,"footnotes":""},"yst_prominent_words":[],"class_list":["post-99","page","type-page","status-publish","hentry"],"yoast_head":"<!-- This site is optimized with the Yoast SEO Premium plugin v14.6.1 - https:\/\/yoast.com\/wordpress\/plugins\/seo\/ -->\n<title>Le renforcement des ressources humaines en sant\u00e9 - Amref Health Africa bureau r\u00e9gional pour l\u2019Afrique de l\u2019Ouest<\/title>\n<meta name=\"robots\" content=\"index, follow\" \/>\n<meta name=\"googlebot\" content=\"index, follow, max-snippet:-1, max-image-preview:large, max-video-preview:-1\" \/>\n<meta name=\"bingbot\" content=\"index, follow, max-snippet:-1, max-image-preview:large, max-video-preview:-1\" \/>\n<link rel=\"canonical\" href=\"https:\/\/amref.org\/west-africa\/nos-programmes\/le-renforcement-des-ressources-humaines-en-sante\/\" \/>\n<meta property=\"og:locale\" content=\"en_GB\" \/>\n<meta property=\"og:type\" content=\"article\" \/>\n<meta property=\"og:title\" content=\"Le renforcement des ressources humaines en sant\u00e9 - Amref Health Africa bureau r\u00e9gional pour l\u2019Afrique de l\u2019Ouest\" \/>\n<meta property=\"og:description\" content=\"Le renforcement des ressources humaines en sant\u00e9 Le plan de renforcement des capacit\u00e9s conduit par Amref \u00e0 l\u2019\u00e9chelle du continent africain (notamment \u00e0 travers sa campagne Stand Up For African [&hellip;]\" \/>\n<meta property=\"og:url\" content=\"https:\/\/amref.org\/west-africa\/nos-programmes\/le-renforcement-des-ressources-humaines-en-sante\/\" \/>\n<meta property=\"og:site_name\" content=\"Amref Health Africa bureau r\u00e9gional pour l\u2019Afrique de l\u2019Ouest\" \/>\n<meta property=\"article:author\" content=\"https:\/\/www.facebook.com\/AmrefHealthAfrica\" \/>\n<meta property=\"article:modified_time\" content=\"2023-05-18T11:04:42+00:00\" \/>\n<meta name=\"twitter:card\" content=\"summary_large_image\" \/>\n<script type=\"application\/ld+json\" class=\"yoast-schema-graph\">{\"@context\":\"https:\/\/schema.org\",\"@graph\":[{\"@type\":\"WebSite\",\"@id\":\"https:\/\/amref.org\/west-africa\/#website\",\"url\":\"https:\/\/amref.org\/west-africa\/\",\"name\":\"Amref Health Africa bureau r\\u00e9gional pour l\\u2019Afrique de l\\u2019Ouest\",\"description\":\"\",\"potentialAction\":[{\"@type\":\"SearchAction\",\"target\":\"https:\/\/amref.org\/west-africa\/?s={search_term_string}\",\"query-input\":\"required name=search_term_string\"}],\"inLanguage\":\"en-GB\"},{\"@type\":\"WebPage\",\"@id\":\"https:\/\/amref.org\/west-africa\/nos-programmes\/le-renforcement-des-ressources-humaines-en-sante\/#webpage\",\"url\":\"https:\/\/amref.org\/west-africa\/nos-programmes\/le-renforcement-des-ressources-humaines-en-sante\/\",\"name\":\"Le renforcement des ressources humaines en sant\\u00e9 - Amref Health Africa bureau r\\u00e9gional pour l\\u2019Afrique de l\\u2019Ouest\",\"isPartOf\":{\"@id\":\"https:\/\/amref.org\/west-africa\/#website\"},\"datePublished\":\"2023-05-18T11:03:04+00:00\",\"dateModified\":\"2023-05-18T11:04:42+00:00\",\"inLanguage\":\"en-GB\",\"potentialAction\":[{\"@type\":\"ReadAction\",\"target\":[\"https:\/\/amref.org\/west-africa\/nos-programmes\/le-renforcement-des-ressources-humaines-en-sante\/\"]}]}]}<\/script>\n<!-- \/ Yoast SEO Premium plugin. -->","_links":{"self":[{"href":"https:\/\/amref.org\/west-africa\/wp-json\/wp\/v2\/pages\/99","targetHints":{"allow":["GET"]}}],"collection":[{"href":"https:\/\/amref.org\/west-africa\/wp-json\/wp\/v2\/pages"}],"about":[{"href":"https:\/\/amref.org\/west-africa\/wp-json\/wp\/v2\/types\/page"}],"author":[{"embeddable":true,"href":"https:\/\/amref.org\/west-africa\/wp-json\/wp\/v2\/users\/1"}],"replies":[{"embeddable":true,"href":"https:\/\/amref.org\/west-africa\/wp-json\/wp\/v2\/comments?post=99"}],"version-history":[{"count":4,"href":"https:\/\/amref.org\/west-africa\/wp-json\/wp\/v2\/pages\/99\/revisions"}],"predecessor-version":[{"id":104,"href":"https:\/\/amref.org\/west-africa\/wp-json\/wp\/v2\/pages\/99\/revisions\/104"}],"up":[{"embeddable":true,"href":"https:\/\/amref.org\/west-africa\/wp-json\/wp\/v2\/pages\/60"}],"wp:attachment":[{"href":"https:\/\/amref.org\/west-africa\/wp-json\/wp\/v2\/media?parent=99"}],"wp:term":[{"taxonomy":"yst_prominent_words","embeddable":true,"href":"https:\/\/amref.org\/west-africa\/wp-json\/wp\/v2\/yst_prominent_words?post=99"}],"curies":[{"name":"wp","href":"https:\/\/api.w.org\/{rel}","templated":true}]}}